{"id":5911,"date":"2025-09-30T12:10:09","date_gmt":"2025-09-30T02:10:09","guid":{"rendered":"https:\/\/latinamericangroceries.com.au\/password-reset\/"},"modified":"2025-09-30T12:10:09","modified_gmt":"2025-09-30T02:10:09","slug":"password-reset","status":"publish","type":"page","link":"https:\/\/latinamericangroceries.com.au\/es\/password-reset\/","title":{"rendered":"Password Reset"},"content":{"rendered":"<div class=\"um um-password um-um_password_id\">\n\t<div class=\"um-form\">\n\t\t<form method=\"post\" action=\"\" data-trp-original-action=\"\">\n\t\t\t\n\t\t\t\t<input type=\"hidden\" name=\"_um_password_reset\" id=\"_um_password_reset\" value=\"1\" \/>\n\n\t\t\t\t\t\t\t\t\t<div class=\"um-field um-field-block um-field-type_block\">\n\t\t\t\t\t\t<div class=\"um-field-block\">\n\t\t\t\t\t\t\t<div style=\"text-align:center;\">\n\t\t\t\t\t\t\t\tPara restablecer tu contrase\u00f1a, por favor, introduce a continuaci\u00f3n tu direcci\u00f3n de correo electr\u00f3nico o nombre de usuario.\t\t\t\t\t\t\t<\/div>\n\t\t\t\t\t\t<\/div>\n\t\t\t\t\t<\/div>\n\t\t\t\t\t<div  id=\"um_field_0_username_b\" class=\"um-field um-field-text  um-field-username_b um-field-text um-field-type_text\" data-key=\"username_b\"><div class=\"um-field-area\"><input  autocomplete=\"off\" class=\"um-form-field valid\" type=\"text\" name=\"username_b\" id=\"username_b\" value=\"\" placeholder=\"Introduce tu nombre de usuario o correo electr\u00f3nico\" data-validate=\"\" data-key=\"username_b\"  aria-invalid=\"false\" \/>\n\n\t\t\t\t\t\t<\/div><\/div>\t\t\t\t<div class=\"um-col-alt um-col-alt-b\">\n\t\t\t\t\t<div class=\"um-center\">\n\t\t\t\t\t\t<input type=\"submit\" value=\"Reset password\" class=\"um-button\" id=\"um-submit-btn\" \/>\n\t\t\t\t\t<\/div>\n\t\t\t\t\t<div class=\"um-clear\"><\/div>\n\t\t\t\t<\/div>\n\t\t\t\t\t<input type=\"hidden\" name=\"form_id\" id=\"form_id_um_password_id\" value=\"um_password_id\" \/>\n\t\t<p class=\"um_request_name\">\n\t\t<label for=\"um_request_um_password_id\">Only fill in if you are not human<\/label>\n\t\t<input type=\"hidden\" name=\"um_request\" id=\"um_request_um_password_id\" class=\"input\" value=\"\" size=\"25\" autocomplete=\"off\" \/>\n\t<\/p>\n\t\t\t<input type=\"hidden\" name=\"trp-form-language\" value=\"es\"\/><\/form>\n\t<\/div>\n<\/div>\n<style>\n\t\t\t.um-um_password_id.um {\n\t\t\tmax-width: 450px;\n\t\t}\n\t\t<\/style>","protected":false},"excerpt":{"rendered":"","protected":false},"author":1,"featured_media":0,"parent":0,"menu_order":0,"comment_status":"closed","ping_status":"closed","template":"","meta":{"_uag_custom_page_level_css":"","site-sidebar-layout":"default","site-content-layout":"","ast-site-content-layout":"default","site-content-style":"default","site-sidebar-style":"default","ast-global-header-display":"","ast-banner-title-visibility":"","ast-main-header-display":"","ast-hfb-above-header-display":"","ast-hfb-below-header-display":"","ast-hfb-mobile-header-display":"","site-post-title":"","ast-breadcrumbs-content":"","ast-featured-img":"","footer-sml-layout":"","ast-disable-related-posts":"","theme-transparent-header-meta":"","adv-header-id-meta":"","stick-header-meta":"","header-above-stick-meta":"","header-main-stick-meta":"","header-below-stick-meta":"","astra-migrate-meta-layouts":"default","ast-page-background-enabled":"default","ast-page-background-meta":{"desktop":{"background-color":"","background-image":"","background-repeat":"repeat","background-position":"center center","background-size":"auto","background-attachment":"scroll","background-type":"","background-media":"","overlay-type":"","overlay-color":"","overlay-opacity":"","overlay-gradient":""},"tablet":{"background-color":"","background-image":"","background-repeat":"repeat","background-position":"center center","background-size":"auto","background-attachment":"scroll","background-type":"","background-media":"","overlay-type":"","overlay-color":"","overlay-opacity":"","overlay-gradient":""},"mobile":{"background-color":"","background-image":"","background-repeat":"repeat","background-position":"center center","background-size":"auto","background-attachment":"scroll","background-type":"","background-media":"","overlay-type":"","overlay-color":"","overlay-opacity":"","overlay-gradient":""}},"ast-content-background-meta":{"desktop":{"background-color":"var(--ast-global-color-5)","background-image":"","background-repeat":"repeat","background-position":"center center","background-size":"auto","background-attachment":"scroll","background-type":"","background-media":"","overlay-type":"","overlay-color":"","overlay-opacity":"","overlay-gradient":""},"tablet":{"background-color":"var(--ast-global-color-5)","background-image":"","background-repeat":"repeat","background-position":"center center","background-size":"auto","background-attachment":"scroll","background-type":"","background-media":"","overlay-type":"","overlay-color":"","overlay-opacity":"","overlay-gradient":""},"mobile":{"background-color":"var(--ast-global-color-5)","background-image":"","background-repeat":"repeat","background-position":"center center","background-size":"auto","background-attachment":"scroll","background-type":"","background-media":"","overlay-type":"","overlay-color":"","overlay-opacity":"","overlay-gradient":""}},"footnotes":""},"class_list":["post-5911","page","type-page","status-publish","hentry"],"yoast_head":"<!-- This site is optimized with the Yoast SEO plugin v27.4 - https:\/\/yoast.com\/product\/yoast-seo-wordpress\/ -->\n<title>Password Reset - Latin American Groceries<\/title>\n<meta name=\"robots\" content=\"index, follow, max-snippet:-1, max-image-preview:large, max-video-preview:-1\" \/>\n<link rel=\"canonical\" href=\"https:\/\/latinamericangroceries.com.au\/es\/password-reset\/\" \/>\n<meta property=\"og:locale\" content=\"es_ES\" \/>\n<meta property=\"og:type\" content=\"article\" \/>\n<meta property=\"og:title\" content=\"Password Reset - Latin American Groceries\" \/>\n<meta property=\"og:url\" content=\"https:\/\/latinamericangroceries.com.au\/es\/password-reset\/\" \/>\n<meta property=\"og:site_name\" content=\"Latin American Groceries\" \/>\n<meta name=\"twitter:card\" content=\"summary_large_image\" \/>\n<script type=\"application\/ld+json\" class=\"yoast-schema-graph\">{\"@context\":\"https:\\\/\\\/schema.org\",\"@graph\":[{\"@type\":\"WebPage\",\"@id\":\"https:\\\/\\\/latinamericangroceries.com.au\\\/es\\\/password-reset\\\/\",\"url\":\"https:\\\/\\\/latinamericangroceries.com.au\\\/es\\\/password-reset\\\/\",\"name\":\"Password Reset - Latin American Groceries\",\"isPartOf\":{\"@id\":\"https:\\\/\\\/latinamericangroceries.com.au\\\/#website\"},\"datePublished\":\"2025-09-30T02:10:09+00:00\",\"breadcrumb\":{\"@id\":\"https:\\\/\\\/latinamericangroceries.com.au\\\/es\\\/password-reset\\\/#breadcrumb\"},\"inLanguage\":\"es-CO\",\"potentialAction\":[{\"@type\":\"ReadAction\",\"target\":[\"https:\\\/\\\/latinamericangroceries.com.au\\\/es\\\/password-reset\\\/\"]}]},{\"@type\":\"BreadcrumbList\",\"@id\":\"https:\\\/\\\/latinamericangroceries.com.au\\\/es\\\/password-reset\\\/#breadcrumb\",\"itemListElement\":[{\"@type\":\"ListItem\",\"position\":1,\"name\":\"Home\",\"item\":\"https:\\\/\\\/latinamericangroceries.com.au\\\/\"},{\"@type\":\"ListItem\",\"position\":2,\"name\":\"Password Reset\"}]},{\"@type\":\"WebSite\",\"@id\":\"https:\\\/\\\/latinamericangroceries.com.au\\\/#website\",\"url\":\"https:\\\/\\\/latinamericangroceries.com.au\\\/\",\"name\":\"Latin American Groceries\",\"description\":\"Your online Latin American grocercies store in Brisbane. Discover and order authentic products from Colombia, Peru, Argentina, Mexico, and Brazil, delivered straight to your door.\",\"publisher\":{\"@id\":\"https:\\\/\\\/latinamericangroceries.com.au\\\/#organization\"},\"potentialAction\":[{\"@type\":\"SearchAction\",\"target\":{\"@type\":\"EntryPoint\",\"urlTemplate\":\"https:\\\/\\\/latinamericangroceries.com.au\\\/?s={search_term_string}\"},\"query-input\":{\"@type\":\"PropertyValueSpecification\",\"valueRequired\":true,\"valueName\":\"search_term_string\"}}],\"inLanguage\":\"es-CO\"},{\"@type\":\"Organization\",\"@id\":\"https:\\\/\\\/latinamericangroceries.com.au\\\/#organization\",\"name\":\"Latin American Groceries\",\"url\":\"https:\\\/\\\/latinamericangroceries.com.au\\\/\",\"logo\":{\"@type\":\"ImageObject\",\"inLanguage\":\"es-CO\",\"@id\":\"https:\\\/\\\/latinamericangroceries.com.au\\\/#\\\/schema\\\/logo\\\/image\\\/\",\"url\":\"https:\\\/\\\/latinamericangroceries.com.au\\\/wp-content\\\/uploads\\\/2025\\\/09\\\/cropped-LATINOAMERICAN-GROCERIES-scaled-1.png\",\"contentUrl\":\"https:\\\/\\\/latinamericangroceries.com.au\\\/wp-content\\\/uploads\\\/2025\\\/09\\\/cropped-LATINOAMERICAN-GROCERIES-scaled-1.png\",\"width\":2404,\"height\":2559,\"caption\":\"Latin American Groceries\"},\"image\":{\"@id\":\"https:\\\/\\\/latinamericangroceries.com.au\\\/#\\\/schema\\\/logo\\\/image\\\/\"}}]}<\/script>\n<!-- \/ Yoast SEO plugin. -->","yoast_head_json":{"title":"Password Reset - Latin American Groceries","robots":{"index":"index","follow":"follow","max-snippet":"max-snippet:-1","max-image-preview":"max-image-preview:large","max-video-preview":"max-video-preview:-1"},"canonical":"https:\/\/latinamericangroceries.com.au\/es\/password-reset\/","og_locale":"es_ES","og_type":"article","og_title":"Password Reset - Latin American Groceries","og_url":"https:\/\/latinamericangroceries.com.au\/es\/password-reset\/","og_site_name":"Latin American Groceries","twitter_card":"summary_large_image","schema":{"@context":"https:\/\/schema.org","@graph":[{"@type":"WebPage","@id":"https:\/\/latinamericangroceries.com.au\/es\/password-reset\/","url":"https:\/\/latinamericangroceries.com.au\/es\/password-reset\/","name":"Password Reset - Latin American Groceries","isPartOf":{"@id":"https:\/\/latinamericangroceries.com.au\/#website"},"datePublished":"2025-09-30T02:10:09+00:00","breadcrumb":{"@id":"https:\/\/latinamericangroceries.com.au\/es\/password-reset\/#breadcrumb"},"inLanguage":"es-CO","potentialAction":[{"@type":"ReadAction","target":["https:\/\/latinamericangroceries.com.au\/es\/password-reset\/"]}]},{"@type":"BreadcrumbList","@id":"https:\/\/latinamericangroceries.com.au\/es\/password-reset\/#breadcrumb","itemListElement":[{"@type":"ListItem","position":1,"name":"Home","item":"https:\/\/latinamericangroceries.com.au\/"},{"@type":"ListItem","position":2,"name":"Password Reset"}]},{"@type":"WebSite","@id":"https:\/\/latinamericangroceries.com.au\/#website","url":"https:\/\/latinamericangroceries.com.au\/","name":"Latin American Groceries","description":"Your online Latin American grocercies store in Brisbane. Discover and order authentic products from Colombia, Peru, Argentina, Mexico, and Brazil, delivered straight to your door.","publisher":{"@id":"https:\/\/latinamericangroceries.com.au\/#organization"},"potentialAction":[{"@type":"SearchAction","target":{"@type":"EntryPoint","urlTemplate":"https:\/\/latinamericangroceries.com.au\/?s={search_term_string}"},"query-input":{"@type":"PropertyValueSpecification","valueRequired":true,"valueName":"search_term_string"}}],"inLanguage":"es-CO"},{"@type":"Organization","@id":"https:\/\/latinamericangroceries.com.au\/#organization","name":"Latin American Groceries","url":"https:\/\/latinamericangroceries.com.au\/","logo":{"@type":"ImageObject","inLanguage":"es-CO","@id":"https:\/\/latinamericangroceries.com.au\/#\/schema\/logo\/image\/","url":"https:\/\/latinamericangroceries.com.au\/wp-content\/uploads\/2025\/09\/cropped-LATINOAMERICAN-GROCERIES-scaled-1.png","contentUrl":"https:\/\/latinamericangroceries.com.au\/wp-content\/uploads\/2025\/09\/cropped-LATINOAMERICAN-GROCERIES-scaled-1.png","width":2404,"height":2559,"caption":"Latin American Groceries"},"image":{"@id":"https:\/\/latinamericangroceries.com.au\/#\/schema\/logo\/image\/"}}]}},"uagb_featured_image_src":{"full":false,"thumbnail":false,"medium":false,"medium_large":false,"large":false,"1536x1536":false,"2048x2048":false,"trp-custom-language-flag":false,"woocommerce_thumbnail":false,"woocommerce_single":false,"woocommerce_gallery_thumbnail":false},"uagb_author_info":{"display_name":"latinamericangroceries.au@gmail.com","author_link":"https:\/\/latinamericangroceries.com.au\/es\/author\/latinamericangroceries-augmail-com\/"},"uagb_comment_info":0,"uagb_excerpt":null,"_links":{"self":[{"href":"https:\/\/latinamericangroceries.com.au\/es\/wp-json\/wp\/v2\/pages\/5911","targetHints":{"allow":["GET"]}}],"collection":[{"href":"https:\/\/latinamericangroceries.com.au\/es\/wp-json\/wp\/v2\/pages"}],"about":[{"href":"https:\/\/latinamericangroceries.com.au\/es\/wp-json\/wp\/v2\/types\/page"}],"author":[{"embeddable":true,"href":"https:\/\/latinamericangroceries.com.au\/es\/wp-json\/wp\/v2\/users\/1"}],"replies":[{"embeddable":true,"href":"https:\/\/latinamericangroceries.com.au\/es\/wp-json\/wp\/v2\/comments?post=5911"}],"version-history":[{"count":0,"href":"https:\/\/latinamericangroceries.com.au\/es\/wp-json\/wp\/v2\/pages\/5911\/revisions"}],"wp:attachment":[{"href":"https:\/\/latinamericangroceries.com.au\/es\/wp-json\/wp\/v2\/media?parent=5911"}],"curies":[{"name":"wp","href":"https:\/\/api.w.org\/{rel}","templated":true}]}}